{"id":82,"date":"2022-12-14T18:22:56","date_gmt":"2022-12-14T17:22:56","guid":{"rendered":"https:\/\/peteraachen.de\/wordpress\/?page_id=82"},"modified":"2023-01-18T10:44:33","modified_gmt":"2023-01-18T09:44:33","slug":"anderswo-sein","status":"publish","type":"page","link":"https:\/\/peteraachen.de\/?page_id=82","title":{"rendered":"anderswo sein"},"content":{"rendered":"\r\n<p>Das Bed\u00fcrfnis, die Welt auch anderswo au\u00dferhalb von K\u00f6ln zu erkunden, lie\u00df sich auf verschiedenerlei Weise realisieren. Man konnte Mitfahrer sein, wenn andere wie P. Nelles ihr Auto zur Verf\u00fcgung stellten, au\u00dferdem waren da Bahn (verbilligte Reisen f\u00fcr Bundesbahn-Angeh\u00f6rige) oder Fahrr\u00e4der. Auch f\u00fcr andere Landschaften und Menschen offen zu sein, tat der Tatsache, in K\u00f6ln verwurzelt zu sein, keinen Abbruch. Die besondere Liebe von Peter und Franziska galt offensichtlich Bayern.<\/p>\r\n<p><a href=\"https:\/\/peteraachen.de\/?p=50\">Tour mit P. Nelles durch S\u00fcddeutschland (u.a. Koblenz, R\u00fcdesheim, W\u00fcrzburg, Wetzlar\u2026)<\/a><\/p>\r\n<p><a href=\"https:\/\/peteraachen.de\/?p=411\">Oberstdorf 1952<\/a><\/p>\r\n<p><a href=\"https:\/\/peteraachen.de\/?p=419\">Niederbreitbach Dezember 1951 \/ Januar 1952<\/a><\/p>\r\n<p><a href=\"https:\/\/peteraachen.de\/?p=421\">Niederbreitbach Dezember 1953 \/ Januar 1954<\/a><\/p>\r\n<p><span id=\"sample-permalink\"><a href=\"https:\/\/peteraachen.de\/?p=32\">Erster Mai 1954 Sankt Goar<\/a><br \/><\/span><span id=\"edit-slug-buttons\"><\/span><\/p>\r\n<p><a href=\"https:\/\/peteraachen.de\/?p=34\">Kr\u00f6v Juni 1954<\/a><\/p>\r\n<p><a href=\"https:\/\/peteraachen.de\/?p=26\">Berchtesgaden 1956<\/a><\/p>\r\n<p>Und dann noch der etwas andere Besuch auf Hitlers Berghof<\/p>\r\n<p><a href=\"https:\/\/peteraachen.de\/?p=329\">Berchtesgaden 1951<\/a><\/p>\r\n<div id=\"titlediv\">\r\n<div class=\"inside\">\r\n<div id=\"edit-slug-box\" class=\"hide-if-no-js\">\u00a0<\/div>\r\n<\/div>\r\n<\/div>\r\n","protected":false},"excerpt":{"rendered":"<p>Das Bed\u00fcrfnis, die Welt auch anderswo au\u00dferhalb von K\u00f6ln zu erkunden, lie\u00df sich auf verschiedenerlei Weise realisieren. Man konnte Mitfahrer sein, wenn andere wie P. Nelles ihr Auto zur Verf\u00fcgung stellten, au\u00dferdem waren da Bahn (verbilligte Reisen f\u00fcr Bundesbahn-Angeh\u00f6rige) oder Fahrr\u00e4der. Auch f\u00fcr andere Landschaften und Menschen offen zu sein, tat der Tatsache, in K\u00f6ln &hellip; <a href=\"https:\/\/peteraachen.de\/?page_id=82\" class=\"more-link\"><span class=\"screen-reader-text\">anderswo sein<\/span> weiterlesen<\/a><\/p>\n","protected":false},"author":6,"featured_media":0,"parent":0,"menu_order":0,"comment_status":"closed","ping_status":"closed","template":"","meta":{"footnotes":""},"class_list":["post-82","page","type-page","status-publish","hentry"],"_links":{"self":[{"href":"https:\/\/peteraachen.de\/index.php?rest_route=\/wp\/v2\/pages\/82","targetHints":{"allow":["GET"]}}],"collection":[{"href":"https:\/\/peteraachen.de\/index.php?rest_route=\/wp\/v2\/pages"}],"about":[{"href":"https:\/\/peteraachen.de\/index.php?rest_route=\/wp\/v2\/types\/page"}],"author":[{"embeddable":true,"href":"https:\/\/peteraachen.de\/index.php?rest_route=\/wp\/v2\/users\/6"}],"replies":[{"embeddable":true,"href":"https:\/\/peteraachen.de\/index.php?rest_route=%2Fwp%2Fv2%2Fcomments&post=82"}],"version-history":[{"count":24,"href":"https:\/\/peteraachen.de\/index.php?rest_route=\/wp\/v2\/pages\/82\/revisions"}],"predecessor-version":[{"id":1109,"href":"https:\/\/peteraachen.de\/index.php?rest_route=\/wp\/v2\/pages\/82\/revisions\/1109"}],"wp:attachment":[{"href":"https:\/\/peteraachen.de\/index.php?rest_route=%2Fwp%2Fv2%2Fmedia&parent=82"}],"curies":[{"name":"wp","href":"https:\/\/api.w.org\/{rel}","templated":true}]}}