{"id":80,"date":"2022-12-14T18:21:42","date_gmt":"2022-12-14T17:21:42","guid":{"rendered":"https:\/\/peteraachen.de\/wordpress\/?page_id=80"},"modified":"2023-01-18T10:46:46","modified_gmt":"2023-01-18T09:46:46","slug":"randsiedlung-vogelsang","status":"publish","type":"page","link":"https:\/\/peteraachen.de\/?page_id=80","title":{"rendered":"Randsiedlung Vogelsang"},"content":{"rendered":"<p>Vogelsang ist ein relativ junger K\u00f6lner Stadtteil. Er ist von 1932 an als Versuch entstanden, Wohn- und Lebensraum angesichts von Arbeitslosigkeit und Massenarmut zu schaffen. Der namensgebende Gutshof liegt zum \u00c4rger mancher heute auf dem Gebiet des Nachbarstadtteils Widdersdorf.<\/p>\n<p>Das Konzept war einfach und erfolgreich: Selbsthilfe und <em>Muskelhypothek<\/em> waren wichtige Bausteine daf\u00fcr. Gemeinsam gebaute H\u00e4user und Wohnungen wurden unter den Erbauern nach Fertigstellung verlost. Keiner sollte beim eigenen Heim besonders sorgf\u00e4ltig, beim Rest aber nachl\u00e4ssig arbeiten. Siedlerstellen \u2013 so wurde das Bezugsrecht f\u00fcr ein Haus genannt \u2013 waren zudem daran gebunden, einen Crashkurs in Landwirtschaftsdingen zu absolvieren.<\/p>\n<pre>Die ersten sieben Bilder zeigen die Entstehungsgeschichte von Vogelsang (Quellenhinweise im Abspann) mit Ankl\u00e4ngen an eine l\u00e4ndliche Idylle, die letzten drei sind aus den 50er Jahren. Die letzten beiden sind aus dem Blickwinkel des heutigen Max-Planck-Instituts geschossen: Die Umgebung Vogelsangs erscheint als unbebautes Weide- und Ackerland aus der Perspektive des heutigen Max-Planck-Instituts. Eine solche l\u00e4ndliche Umgebung war auch f\u00fcr sonnt\u00e4gliche Spazierg\u00e4nge gut geeignet.<\/pre>\n<div class=\"eg-masonary-wrap eg-wrap  eg-masonary-layout-1 eg-component-lightbox-link\"\n     data-desktop-column=\"2\"\n     data-tablet-column=\"2\"\n     data-mobile-column=\"1\"\n     data-lightbox-type=\"pretty_photo\"\n              data-pretty_photo-theme =\"light_square\"\n         data-pretty_photo-social =\"false\"\n          data-gallery-id=\"B37gpYw0KN\"\n     data-lightbox-status=\"true\"\n          >\n\n    <div class=\"eg-masonary-items-wrap\" data-masonary-id=\"B37gpYw0KN\">\n        <div class=\"eg-each-item eg-no-hover \" data-eg-item-key=\"eg_item_kjPSTWEh0VWNP0f\">\r\n        <div class=\"eg-masonary-padding\">\r\n        <div class=\"eg-overlay-wrapper\">\r\n\r\n            <a href=\"https:\/\/peteraachen.de\/wp-content\/uploads\/2023\/01\/Vogelsang-mit-Schafen.jpg\"\r\n               data-lightbox-type=\"pretty_photo\"\r\n               rel=\"prettyPhoto[gallery_22]\"\r\n               title=\"\"\r\n               data-item-type=\"image\"\r\n               data-index=\"1\"\r\n               data-total-items=\"9\"\r\n               >\r\n                <img decoding=\"async\" src=\"https:\/\/peteraachen.de\/wp-content\/uploads\/2023\/01\/Vogelsang-mit-Schafen.jpg\" alt=\"Vogelsang mit Schafen \/ Kranichweg\"\/>\r\n            <\/a>\r\n            <div class=\"eg-mask\">\r\n                <div class=\"eg-inner-wrapper\">\r\n                    <div class=\"eg-content-holder\">\r\n            <div class=\"eg-button-holder\">\r\n                            <a href=\"javascript:void(0);\" class=\"eg-zoom\"><i class=\"fa fa-search\" aria-hidden=\"true\"><\/i><\/a>\r\n                                        <a href=\"https:\/\/peteraachen.de\/?attachment_id=719\" class=\"eg-link\" target=\"_blank\"><i class=\"fa fa-link\" aria-hidden=\"true\"><\/i><\/a>\r\n                    <\/div>\r\n            <\/div>                <\/div>\r\n                <span class=\"add\" style=\"display: none\">\r\n                    <i class=\"fa fa-plus\"><\/i>\r\n                <\/span>\r\n                            <\/div>\r\n            <div class=\"slider-overlay\"><\/div>\r\n                    <\/div>\r\n            <\/div>\r\n\r\n\r\n<\/div>\n                <div class=\"eg-each-item eg-no-hover \" data-eg-item-key=\"eg_item_NOtZOvDODCM0H15\">\r\n        <div class=\"eg-masonary-padding\">\r\n        <div class=\"eg-overlay-wrapper\">\r\n\r\n            <a href=\"https:\/\/peteraachen.de\/wp-content\/uploads\/2023\/01\/Richtfest-Vogelsang.jpg\"\r\n               data-lightbox-type=\"pretty_photo\"\r\n               rel=\"prettyPhoto[gallery_22]\"\r\n               title=\"\"\r\n               data-item-type=\"image\"\r\n               data-index=\"2\"\r\n               data-total-items=\"9\"\r\n               >\r\n                <img decoding=\"async\" src=\"https:\/\/peteraachen.de\/wp-content\/uploads\/2023\/01\/Richtfest-Vogelsang.jpg\" alt=\"Richtfest Vogelsang\"\/>\r\n            <\/a>\r\n            <div class=\"eg-mask\">\r\n                <div class=\"eg-inner-wrapper\">\r\n                    <div class=\"eg-content-holder\">\r\n            <div class=\"eg-button-holder\">\r\n                            <a href=\"javascript:void(0);\" class=\"eg-zoom\"><i class=\"fa fa-search\" aria-hidden=\"true\"><\/i><\/a>\r\n                                        <a href=\"https:\/\/peteraachen.de\/?attachment_id=720\" class=\"eg-link\" target=\"_blank\"><i class=\"fa fa-link\" aria-hidden=\"true\"><\/i><\/a>\r\n                    <\/div>\r\n            <\/div>                <\/div>\r\n                <span class=\"add\" style=\"display: none\">\r\n                    <i class=\"fa fa-plus\"><\/i>\r\n                <\/span>\r\n                            <\/div>\r\n            <div class=\"slider-overlay\"><\/div>\r\n                    <\/div>\r\n            <\/div>\r\n\r\n\r\n<\/div>\n                <div class=\"eg-each-item eg-no-hover \" data-eg-item-key=\"eg_item_x3NBqbLs2IyO7h9\">\r\n        <div class=\"eg-masonary-padding\">\r\n        <div class=\"eg-overlay-wrapper\">\r\n\r\n            <a href=\"https:\/\/peteraachen.de\/wp-content\/uploads\/2023\/01\/Vogelsang-Spiegel-quer.jpg\"\r\n               data-lightbox-type=\"pretty_photo\"\r\n               rel=\"prettyPhoto[gallery_22]\"\r\n               title=\"\"\r\n               data-item-type=\"image\"\r\n               data-index=\"3\"\r\n               data-total-items=\"9\"\r\n               >\r\n                <img decoding=\"async\" src=\"https:\/\/peteraachen.de\/wp-content\/uploads\/2023\/01\/Vogelsang-Spiegel-quer.jpg\" alt=\"Bezug der neuen H\u00e4user in Vogelsang\"\/>\r\n            <\/a>\r\n            <div class=\"eg-mask\">\r\n                <div class=\"eg-inner-wrapper\">\r\n                    <div class=\"eg-content-holder\">\r\n            <div class=\"eg-button-holder\">\r\n                            <a href=\"javascript:void(0);\" class=\"eg-zoom\"><i class=\"fa fa-search\" aria-hidden=\"true\"><\/i><\/a>\r\n                                        <a href=\"https:\/\/peteraachen.de\/?attachment_id=725\" class=\"eg-link\" target=\"_blank\"><i class=\"fa fa-link\" aria-hidden=\"true\"><\/i><\/a>\r\n                    <\/div>\r\n            <\/div>                <\/div>\r\n                <span class=\"add\" style=\"display: none\">\r\n                    <i class=\"fa fa-plus\"><\/i>\r\n                <\/span>\r\n                            <\/div>\r\n            <div class=\"slider-overlay\"><\/div>\r\n                    <\/div>\r\n            <\/div>\r\n\r\n\r\n<\/div>\n                <div class=\"eg-each-item eg-no-hover \" data-eg-item-key=\"eg_item_QapdnJe0ga3WTCU\">\r\n        <div class=\"eg-masonary-padding\">\r\n        <div class=\"eg-overlay-wrapper\">\r\n\r\n            <a href=\"https:\/\/peteraachen.de\/wp-content\/uploads\/2023\/01\/Vogelsang-Pferdefuhrwerk.jpg\"\r\n               data-lightbox-type=\"pretty_photo\"\r\n               rel=\"prettyPhoto[gallery_22]\"\r\n               title=\"\"\r\n               data-item-type=\"image\"\r\n               data-index=\"4\"\r\n               data-total-items=\"9\"\r\n               >\r\n                <img decoding=\"async\" src=\"https:\/\/peteraachen.de\/wp-content\/uploads\/2023\/01\/Vogelsang-Pferdefuhrwerk.jpg\" alt=\"Vogelsang mit Pferdefuhrwerk\"\/>\r\n            <\/a>\r\n            <div class=\"eg-mask\">\r\n                <div class=\"eg-inner-wrapper\">\r\n                    <div class=\"eg-content-holder\">\r\n            <div class=\"eg-button-holder\">\r\n                            <a href=\"javascript:void(0);\" class=\"eg-zoom\"><i class=\"fa fa-search\" aria-hidden=\"true\"><\/i><\/a>\r\n                                        <a href=\"https:\/\/peteraachen.de\/?attachment_id=721\" class=\"eg-link\" target=\"_blank\"><i class=\"fa fa-link\" aria-hidden=\"true\"><\/i><\/a>\r\n                    <\/div>\r\n            <\/div>                <\/div>\r\n                <span class=\"add\" style=\"display: none\">\r\n                    <i class=\"fa fa-plus\"><\/i>\r\n                <\/span>\r\n                            <\/div>\r\n            <div class=\"slider-overlay\"><\/div>\r\n                    <\/div>\r\n            <\/div>\r\n\r\n\r\n<\/div>\n                <div class=\"eg-each-item eg-no-hover \" data-eg-item-key=\"eg_item_FcRk0RKV0Qr29kU\">\r\n        <div class=\"eg-masonary-padding\">\r\n        <div class=\"eg-overlay-wrapper\">\r\n\r\n            <a href=\"https:\/\/peteraachen.de\/wp-content\/uploads\/2023\/01\/Vogelsang-mit-gaensen.jpg\"\r\n               data-lightbox-type=\"pretty_photo\"\r\n               rel=\"prettyPhoto[gallery_22]\"\r\n               title=\"\"\r\n               data-item-type=\"image\"\r\n               data-index=\"5\"\r\n               data-total-items=\"9\"\r\n               >\r\n                <img decoding=\"async\" src=\"https:\/\/peteraachen.de\/wp-content\/uploads\/2023\/01\/Vogelsang-mit-gaensen.jpg\" alt=\"Vogelsang mit G\u00e4nsen\"\/>\r\n            <\/a>\r\n            <div class=\"eg-mask\">\r\n                <div class=\"eg-inner-wrapper\">\r\n                    <div class=\"eg-content-holder\">\r\n            <div class=\"eg-button-holder\">\r\n                            <a href=\"javascript:void(0);\" class=\"eg-zoom\"><i class=\"fa fa-search\" aria-hidden=\"true\"><\/i><\/a>\r\n                                        <a href=\"https:\/\/peteraachen.de\/?attachment_id=723\" class=\"eg-link\" target=\"_blank\"><i class=\"fa fa-link\" aria-hidden=\"true\"><\/i><\/a>\r\n                    <\/div>\r\n            <\/div>                <\/div>\r\n                <span class=\"add\" style=\"display: none\">\r\n                    <i class=\"fa fa-plus\"><\/i>\r\n                <\/span>\r\n                            <\/div>\r\n            <div class=\"slider-overlay\"><\/div>\r\n                    <\/div>\r\n            <\/div>\r\n\r\n\r\n<\/div>\n                <div class=\"eg-each-item eg-no-hover \" data-eg-item-key=\"eg_item_dZ9V4mc3SHb1981\">\r\n        <div class=\"eg-masonary-padding\">\r\n        <div class=\"eg-overlay-wrapper\">\r\n\r\n            <a href=\"https:\/\/peteraachen.de\/wp-content\/uploads\/2023\/01\/Vo-mit-Jungen-und-Rad.jpg\"\r\n               data-lightbox-type=\"pretty_photo\"\r\n               rel=\"prettyPhoto[gallery_22]\"\r\n               title=\"\"\r\n               data-item-type=\"image\"\r\n               data-index=\"6\"\r\n               data-total-items=\"9\"\r\n               >\r\n                <img decoding=\"async\" src=\"https:\/\/peteraachen.de\/wp-content\/uploads\/2023\/01\/Vo-mit-Jungen-und-Rad.jpg\" alt=\"Stieglitzweg: Junge mit Rad\"\/>\r\n            <\/a>\r\n            <div class=\"eg-mask\">\r\n                <div class=\"eg-inner-wrapper\">\r\n                    <div class=\"eg-content-holder\">\r\n            <div class=\"eg-button-holder\">\r\n                            <a href=\"javascript:void(0);\" class=\"eg-zoom\"><i class=\"fa fa-search\" aria-hidden=\"true\"><\/i><\/a>\r\n                                        <a href=\"https:\/\/peteraachen.de\/?attachment_id=724\" class=\"eg-link\" target=\"_blank\"><i class=\"fa fa-link\" aria-hidden=\"true\"><\/i><\/a>\r\n                    <\/div>\r\n            <\/div>                <\/div>\r\n                <span class=\"add\" style=\"display: none\">\r\n                    <i class=\"fa fa-plus\"><\/i>\r\n                <\/span>\r\n                            <\/div>\r\n            <div class=\"slider-overlay\"><\/div>\r\n                    <\/div>\r\n            <\/div>\r\n\r\n\r\n<\/div>\n                <div class=\"eg-each-item eg-no-hover \" data-eg-item-key=\"eg_item_K4aVoP4pcmXf06h\">\r\n        <div class=\"eg-masonary-padding\">\r\n        <div class=\"eg-overlay-wrapper\">\r\n\r\n            <a href=\"https:\/\/peteraachen.de\/wp-content\/uploads\/2023\/01\/Vogelsang-mit-Gaensen-1.jpg\"\r\n               data-lightbox-type=\"pretty_photo\"\r\n               rel=\"prettyPhoto[gallery_22]\"\r\n               title=\"\"\r\n               data-item-type=\"image\"\r\n               data-index=\"7\"\r\n               data-total-items=\"9\"\r\n               >\r\n                <img decoding=\"async\" src=\"https:\/\/peteraachen.de\/wp-content\/uploads\/2023\/01\/Vogelsang-mit-Gaensen-1.jpg\" alt=\"Vogelsang mit Ga\u0308nsen (quadrat. Format)\"\/>\r\n            <\/a>\r\n            <div class=\"eg-mask\">\r\n                <div class=\"eg-inner-wrapper\">\r\n                    <div class=\"eg-content-holder\">\r\n            <div class=\"eg-button-holder\">\r\n                            <a href=\"javascript:void(0);\" class=\"eg-zoom\"><i class=\"fa fa-search\" aria-hidden=\"true\"><\/i><\/a>\r\n                                        <a href=\"https:\/\/peteraachen.de\/?attachment_id=726\" class=\"eg-link\" target=\"_blank\"><i class=\"fa fa-link\" aria-hidden=\"true\"><\/i><\/a>\r\n                    <\/div>\r\n            <\/div>                <\/div>\r\n                <span class=\"add\" style=\"display: none\">\r\n                    <i class=\"fa fa-plus\"><\/i>\r\n                <\/span>\r\n                            <\/div>\r\n            <div class=\"slider-overlay\"><\/div>\r\n                    <\/div>\r\n            <\/div>\r\n\r\n\r\n<\/div>\n                <div class=\"eg-each-item eg-no-hover \" data-eg-item-key=\"eg_item_flMagjE82bySzPv\">\r\n        <div class=\"eg-masonary-padding\">\r\n        <div class=\"eg-overlay-wrapper\">\r\n\r\n            <a href=\"https:\/\/peteraachen.de\/wp-content\/uploads\/2023\/01\/Spaziergang-Vogelsang.jpg\"\r\n               data-lightbox-type=\"pretty_photo\"\r\n               rel=\"prettyPhoto[gallery_22]\"\r\n               title=\"\"\r\n               data-item-type=\"image\"\r\n               data-index=\"8\"\r\n               data-total-items=\"9\"\r\n               >\r\n                <img decoding=\"async\" src=\"https:\/\/peteraachen.de\/wp-content\/uploads\/2023\/01\/Spaziergang-Vogelsang.jpg\" alt=\"Spaziergang im Umland von Vogelsang\"\/>\r\n            <\/a>\r\n            <div class=\"eg-mask\">\r\n                <div class=\"eg-inner-wrapper\">\r\n                    <div class=\"eg-content-holder\">\r\n            <div class=\"eg-button-holder\">\r\n                            <a href=\"javascript:void(0);\" class=\"eg-zoom\"><i class=\"fa fa-search\" aria-hidden=\"true\"><\/i><\/a>\r\n                                        <a href=\"https:\/\/peteraachen.de\/?attachment_id=722\" class=\"eg-link\" target=\"_blank\"><i class=\"fa fa-link\" aria-hidden=\"true\"><\/i><\/a>\r\n                    <\/div>\r\n            <\/div>                <\/div>\r\n                <span class=\"add\" style=\"display: none\">\r\n                    <i class=\"fa fa-plus\"><\/i>\r\n                <\/span>\r\n                            <\/div>\r\n            <div class=\"slider-overlay\"><\/div>\r\n                    <\/div>\r\n            <\/div>\r\n\r\n\r\n<\/div>\n                <div class=\"eg-each-item eg-no-hover \" data-eg-item-key=\"eg_item_d9wa10HJeuOHtf5\">\r\n        <div class=\"eg-masonary-padding\">\r\n        <div class=\"eg-overlay-wrapper\">\r\n\r\n            <a href=\"https:\/\/peteraachen.de\/wp-content\/uploads\/2023\/01\/Vogelsang-von-GregorMendelStr-1.jpg\"\r\n               data-lightbox-type=\"pretty_photo\"\r\n               rel=\"prettyPhoto[gallery_22]\"\r\n               title=\"\"\r\n               data-item-type=\"image\"\r\n               data-index=\"9\"\r\n               data-total-items=\"9\"\r\n               >\r\n                <img decoding=\"async\" src=\"https:\/\/peteraachen.de\/wp-content\/uploads\/2023\/01\/Vogelsang-von-GregorMendelStr-1.jpg\" alt=\"Vogelsang von der Gregor-Mendel-Str. gesehen\"\/>\r\n            <\/a>\r\n            <div class=\"eg-mask\">\r\n                <div class=\"eg-inner-wrapper\">\r\n                    <div class=\"eg-content-holder\">\r\n            <div class=\"eg-button-holder\">\r\n                            <a href=\"javascript:void(0);\" class=\"eg-zoom\"><i class=\"fa fa-search\" aria-hidden=\"true\"><\/i><\/a>\r\n                                        <a href=\"https:\/\/peteraachen.de\/?attachment_id=890\" class=\"eg-link\" target=\"_blank\"><i class=\"fa fa-link\" aria-hidden=\"true\"><\/i><\/a>\r\n                    <\/div>\r\n            <\/div>                <\/div>\r\n                <span class=\"add\" style=\"display: none\">\r\n                    <i class=\"fa fa-plus\"><\/i>\r\n                <\/span>\r\n                            <\/div>\r\n            <div class=\"slider-overlay\"><\/div>\r\n                    <\/div>\r\n            <\/div>\r\n\r\n\r\n<\/div>\n                        <\/div>\n        \n<\/div>\n\n\n\n<p>Nicht nur die G\u00e4rten sollten Obst und Gem\u00fcse liefern, auch an die Versorgung mit Fleisch und Eiern wurde gedacht. 1936 werden Obergrenzen f\u00fcr \u201ejede Siedlerstelle\u201c bei der Haltung von Vieh und Kleintieren fest gelegt: 12 H\u00fchner, eine Ziege, ein Schwein, 6 Mutterkaninchen. 1937 wird f\u00fcr einen Bewohner des Stieglitzweges festgehalten, dass er <em>ein<\/em> Schwein halten darf.<\/p>\n<p>Einen hohen Stellenwert hatte auch von Anfang an das <a href=\"https:\/\/peteraachen.de\/?p=38\">Kappesrollen<\/a> in diesem Stadtteil.<\/p>\n<div><\/div>\n","protected":false},"excerpt":{"rendered":"<p>Vogelsang ist ein relativ junger K\u00f6lner Stadtteil. Er ist von 1932 an als Versuch entstanden, Wohn- und Lebensraum angesichts von Arbeitslosigkeit und Massenarmut zu schaffen. Der namensgebende Gutshof liegt zum \u00c4rger mancher heute auf dem Gebiet des Nachbarstadtteils Widdersdorf. Das Konzept war einfach und erfolgreich: Selbsthilfe und Muskelhypothek waren wichtige Bausteine daf\u00fcr. Gemeinsam gebaute H\u00e4user &hellip; <a href=\"https:\/\/peteraachen.de\/?page_id=80\" class=\"more-link\"><span class=\"screen-reader-text\">Randsiedlung Vogelsang<\/span> weiterlesen<\/a><\/p>\n","protected":false},"author":6,"featured_media":0,"parent":0,"menu_order":0,"comment_status":"closed","ping_status":"closed","template":"","meta":{"footnotes":""},"class_list":["post-80","page","type-page","status-publish","hentry"],"_links":{"self":[{"href":"https:\/\/peteraachen.de\/index.php?rest_route=\/wp\/v2\/pages\/80","targetHints":{"allow":["GET"]}}],"collection":[{"href":"https:\/\/peteraachen.de\/index.php?rest_route=\/wp\/v2\/pages"}],"about":[{"href":"https:\/\/peteraachen.de\/index.php?rest_route=\/wp\/v2\/types\/page"}],"author":[{"embeddable":true,"href":"https:\/\/peteraachen.de\/index.php?rest_route=\/wp\/v2\/users\/6"}],"replies":[{"embeddable":true,"href":"https:\/\/peteraachen.de\/index.php?rest_route=%2Fwp%2Fv2%2Fcomments&post=80"}],"version-history":[{"count":13,"href":"https:\/\/peteraachen.de\/index.php?rest_route=\/wp\/v2\/pages\/80\/revisions"}],"predecessor-version":[{"id":1131,"href":"https:\/\/peteraachen.de\/index.php?rest_route=\/wp\/v2\/pages\/80\/revisions\/1131"}],"wp:attachment":[{"href":"https:\/\/peteraachen.de\/index.php?rest_route=%2Fwp%2Fv2%2Fmedia&parent=80"}],"curies":[{"name":"wp","href":"https:\/\/api.w.org\/{rel}","templated":true}]}}