{"id":72,"date":"2022-12-14T14:46:28","date_gmt":"2022-12-14T13:46:28","guid":{"rendered":"https:\/\/peteraachen.de\/wordpress\/?page_id=72"},"modified":"2023-01-20T09:37:46","modified_gmt":"2023-01-20T08:37:46","slug":"kirchliches-leben","status":"publish","type":"page","link":"https:\/\/peteraachen.de\/?page_id=72","title":{"rendered":"Kirchliches Leben"},"content":{"rendered":"\r\n<p>Religi\u00f6ses Leben innerhalb der katholischen Kirche war in K\u00f6ln bis in die 60er Jahre hinein die Norm. Es besa\u00df eine \u00f6ffentliche und eine private Seite. Wichtige Wegabschnitte im Leben wurden religi\u00f6s als Taufen, Erstkommunion, Trauungen und Begr\u00e4bnisse begangen.\u00a0 Diese Feste wurden im kirchlichen Rahmen gestaltet.\u00a0 Anders als heute waren Priester hoch angesehene Respektspersonen.<\/p>\r\n<p>Die Bilder zeigen dies wie die allt\u00e4gliche religi\u00f6se Praxis.<\/p>\r\n<p>\r\n\r\n<\/p>\r\n<p><a href=\"https:\/\/peteraachen.de\/?p=48\">Erstkommunion Maria (Mia) Aachen, ca. Ende drei\u00dfiger Jahre<\/a><\/p>\r\n<p><a href=\"https:\/\/peteraachen.de\/?p=52\">M\u00fclheimer Gottestracht und Fronleichnam in Vogelsang<\/a><br \/><br \/><a href=\"https:\/\/peteraachen.de\/?p=42\">Verabschiedung Pastor Knappmann in Oberhausen<\/a><\/p>\r\n<p><a href=\"https:\/\/peteraachen.de\/?p=197\">Einf\u00fchrung Pastor Pietsch<\/a><\/p>\r\n<p>\r\n\r\n<\/p>\r\n<p><a href=\"https:\/\/peteraachen.de\/?p=40\">Erstkommunion Lubens Horsch April 1953<\/a><\/p>\r\n<p><\/p>","protected":false},"excerpt":{"rendered":"<p>Religi\u00f6ses Leben innerhalb der katholischen Kirche war in K\u00f6ln bis in die 60er Jahre hinein die Norm. Es besa\u00df eine \u00f6ffentliche und eine private Seite. Wichtige Wegabschnitte im Leben wurden religi\u00f6s als Taufen, Erstkommunion, Trauungen und Begr\u00e4bnisse begangen.\u00a0 Diese Feste wurden im kirchlichen Rahmen gestaltet.\u00a0 Anders als heute waren Priester hoch angesehene Respektspersonen. Die Bilder &hellip; <a href=\"https:\/\/peteraachen.de\/?page_id=72\" class=\"more-link\"><span class=\"screen-reader-text\">Kirchliches Leben<\/span> weiterlesen<\/a><\/p>\n","protected":false},"author":6,"featured_media":0,"parent":0,"menu_order":0,"comment_status":"closed","ping_status":"closed","template":"","meta":{"footnotes":""},"class_list":["post-72","page","type-page","status-publish","hentry"],"_links":{"self":[{"href":"https:\/\/peteraachen.de\/index.php?rest_route=\/wp\/v2\/pages\/72","targetHints":{"allow":["GET"]}}],"collection":[{"href":"https:\/\/peteraachen.de\/index.php?rest_route=\/wp\/v2\/pages"}],"about":[{"href":"https:\/\/peteraachen.de\/index.php?rest_route=\/wp\/v2\/types\/page"}],"author":[{"embeddable":true,"href":"https:\/\/peteraachen.de\/index.php?rest_route=\/wp\/v2\/users\/6"}],"replies":[{"embeddable":true,"href":"https:\/\/peteraachen.de\/index.php?rest_route=%2Fwp%2Fv2%2Fcomments&post=72"}],"version-history":[{"count":10,"href":"https:\/\/peteraachen.de\/index.php?rest_route=\/wp\/v2\/pages\/72\/revisions"}],"predecessor-version":[{"id":1175,"href":"https:\/\/peteraachen.de\/index.php?rest_route=\/wp\/v2\/pages\/72\/revisions\/1175"}],"wp:attachment":[{"href":"https:\/\/peteraachen.de\/index.php?rest_route=%2Fwp%2Fv2%2Fmedia&parent=72"}],"curies":[{"name":"wp","href":"https:\/\/api.w.org\/{rel}","templated":true}]}}