{"id":63,"date":"2022-12-14T14:15:44","date_gmt":"2022-12-14T13:15:44","guid":{"rendered":"https:\/\/peteraachen.de\/wordpress\/?page_id=63"},"modified":"2023-01-18T17:19:07","modified_gmt":"2023-01-18T16:19:07","slug":"biographisches","status":"publish","type":"page","link":"https:\/\/peteraachen.de\/?page_id=63","title":{"rendered":"Biographisches"},"content":{"rendered":"\r\n<p>1929 war das Geburtsjahr von Peter Aachen. Es war nicht nur das Jahr des \u201eSchwarzen Freitags\u201c in New York (24. Oktober 1929), sondern der Beginn eines steilen Niedergangs der deutschen Wirtschaft. Den Nazis gelang es, die demokratischen Parteien f\u00fcr diese Entwicklung verantwortlich zu machen. Sie gewannen 1929 einige Wahlen in verschiedenen Teilen Deutschlands.<\/p>\r\n\r\n\r\n\r\n<p><img loading=\"lazy\" decoding=\"async\" class=\"alignleft size-medium wp-image-579\" src=\"https:\/\/peteraachen.de\/wp-content\/uploads\/2023\/01\/Peter_einschulung-184x300.jpg\" alt=\"\" width=\"184\" height=\"300\" srcset=\"https:\/\/peteraachen.de\/wp-content\/uploads\/2023\/01\/Peter_einschulung-184x300.jpg 184w, https:\/\/peteraachen.de\/wp-content\/uploads\/2023\/01\/Peter_einschulung.jpg 400w\" sizes=\"auto, (max-width: 184px) 100vw, 184px\" \/>Peter wurde als Sohn seiner Eltern Barbara (Hausfrau) und Hans (Totengr\u00e4ber) geboren. Seine Schwester Mia sollte im Jahr 1931 folgen. Die ganze Familie profitierte von den H\u00e4usern, die als Selbsthilfeprojekt im K\u00f6lner Stadtteil Vogelsang errichtet wurden. Projekte dieser Art versuchten, Arbeits- und Erwerbslosigkeit auf zweierlei Weise zu bek\u00e4mpfen: Das Bauen der H\u00e4user erfolgte h\u00e4ufig durch die sp\u00e4teren Bewohner selbst. Die Versorgung der Familien f\u00f6rderte, dass alle Bewohner in ihren G\u00e4rten Obst und Gem\u00fcse anbauen konnten. F\u00fcr die Versorgung mit Fleisch und Eiern erhielten die Familien H\u00fchner und Kleinvieh.<\/p>\r\n<p>&nbsp;<\/p>\r\n<p>&nbsp;<\/p>\r\n<p>&nbsp;<\/p>\r\n<p>1935 kam Peter in die Volksschule Vogelsang.<\/p>\r\n\r\n\r\n\r\n\r\n<\/span><\/p>\r\n<p><img loading=\"lazy\" decoding=\"async\" class=\"size-full wp-image-582 alignleft\" src=\"https:\/\/peteraachen.de\/wp-content\/uploads\/2023\/01\/Einzug_Vogelsang_kl.jpg\" alt=\"\" width=\"600\" height=\"420\" srcset=\"https:\/\/peteraachen.de\/wp-content\/uploads\/2023\/01\/Einzug_Vogelsang_kl.jpg 600w, https:\/\/peteraachen.de\/wp-content\/uploads\/2023\/01\/Einzug_Vogelsang_kl-300x210.jpg 300w\" sizes=\"auto, (max-width: 600px) 100vw, 600px\" \/><\/p>\r\n\r\n\r\n\r\n\r\n\r\n<p><span style=\"font-size: 8pt;\">Einzug in ein Haus in K\u00f6ln Vogelsang (aus: Novy (Hg.), Wohnreform in K\u00f6ln, Bachem-Verlag 1986, \u00a9 N. Hallerbach, K\u00f6ln )<\/span><\/p>\r\n<p>Nur wenige Jahre sp\u00e4ter, in den letzten Jahren des 2. Weltkrieges, wurde Peter als sogenannter \u201eFlak-Helfer\u201c eingezogen. Er musste Hilfsdienste an Flakgesch\u00fctzen verrichten. Traumatisierend war jedoch noch eine besonders belastende Arbeit: Peter musste die Toten im Griechenmarktviertel nach den verheerenden Luftangriffen 1944 und 1945 bergen. Waren zuviele Tote in einem Keller, wurde Kalk dorthin gebracht und die Keller zugemauert. Waren die Leichen noch erkennbar, musste Peter veranlassen, dass diese zum Identifizieren ins Reiterstadion nach M\u00fcngersdorf gebracht wurden. Waren nur Leichenteile vorhanden, mussten diese verbrannt werden. Alles dies in den H\u00e4nden und im Aufgabenbereich eines 15j\u00e4hrigen. Nach dem Krieg bem\u00fchte sich Peter, das Griechenmarktviertel nach M\u00f6glichkeit nicht zu betreten.<\/p>\r\n\r\n\r\n\r\n<p>Ein zweiter Namen ist hier noch zu nennen: Franziska Horsch, geboren 1931 und mit 5 Geschwistern aufgewachsen, lernte Peter Aachen 1949 kennen. Schon lange vor ihrer Hochzeit 1955 waren sie ein Paar. Ihre Tochter Birgit, meine Frau, wurde 1963 geboren.<\/p>\r\n\r\n<p><img loading=\"lazy\" decoding=\"async\" class=\"alignleft wp-image-580 size-full\" src=\"https:\/\/peteraachen.de\/wp-content\/uploads\/2023\/01\/Peter_Caecilien_kl.jpg\" alt=\"\" width=\"600\" height=\"409\" srcset=\"https:\/\/peteraachen.de\/wp-content\/uploads\/2023\/01\/Peter_Caecilien_kl.jpg 600w, https:\/\/peteraachen.de\/wp-content\/uploads\/2023\/01\/Peter_Caecilien_kl-300x205.jpg 300w\" sizes=\"auto, (max-width: 600px) 100vw, 600px\" \/><\/p>\r\n<p>&nbsp;<\/p>\r\n<p>&nbsp;<\/p>\r\n<p>&nbsp;<\/p>\r\n<p>&nbsp;<\/p>\r\n<p><br \/><br \/><br \/><br \/><br \/><br \/><br \/><br \/><br \/><br \/><br \/><br \/><br \/><br \/><br \/><br \/>St. Peter und St. Caecilien (das sp\u00e4tere Museum Schn\u00fctgen) am Rande des Griechenmarktviertels. (mit freundlicher Genehmigung \u00a9walter-dick-archiv.de)<\/p>\r\n<!-- \/wp:post-content -->","protected":false},"excerpt":{"rendered":"<p>1929 war das Geburtsjahr von Peter Aachen. Es war nicht nur das Jahr des \u201eSchwarzen Freitags\u201c in New York (24. Oktober 1929), sondern der Beginn eines steilen Niedergangs der deutschen Wirtschaft. Den Nazis gelang es, die demokratischen Parteien f\u00fcr diese Entwicklung verantwortlich zu machen. Sie gewannen 1929 einige Wahlen in verschiedenen Teilen Deutschlands. Peter wurde &hellip; <a href=\"https:\/\/peteraachen.de\/?page_id=63\" class=\"more-link\"><span class=\"screen-reader-text\">Biographisches<\/span> weiterlesen<\/a><\/p>\n","protected":false},"author":6,"featured_media":0,"parent":5,"menu_order":0,"comment_status":"closed","ping_status":"closed","template":"","meta":{"footnotes":""},"class_list":["post-63","page","type-page","status-publish","hentry"],"_links":{"self":[{"href":"https:\/\/peteraachen.de\/index.php?rest_route=\/wp\/v2\/pages\/63","targetHints":{"allow":["GET"]}}],"collection":[{"href":"https:\/\/peteraachen.de\/index.php?rest_route=\/wp\/v2\/pages"}],"about":[{"href":"https:\/\/peteraachen.de\/index.php?rest_route=\/wp\/v2\/types\/page"}],"author":[{"embeddable":true,"href":"https:\/\/peteraachen.de\/index.php?rest_route=\/wp\/v2\/users\/6"}],"replies":[{"embeddable":true,"href":"https:\/\/peteraachen.de\/index.php?rest_route=%2Fwp%2Fv2%2Fcomments&post=63"}],"version-history":[{"count":21,"href":"https:\/\/peteraachen.de\/index.php?rest_route=\/wp\/v2\/pages\/63\/revisions"}],"predecessor-version":[{"id":1043,"href":"https:\/\/peteraachen.de\/index.php?rest_route=\/wp\/v2\/pages\/63\/revisions\/1043"}],"up":[{"embeddable":true,"href":"https:\/\/peteraachen.de\/index.php?rest_route=\/wp\/v2\/pages\/5"}],"wp:attachment":[{"href":"https:\/\/peteraachen.de\/index.php?rest_route=%2Fwp%2Fv2%2Fmedia&parent=63"}],"curies":[{"name":"wp","href":"https:\/\/api.w.org\/{rel}","templated":true}]}}