{"id":5,"date":"2022-12-14T09:43:26","date_gmt":"2022-12-14T08:43:26","guid":{"rendered":"https:\/\/peteraachen.de\/wordpress\/?page_id=5"},"modified":"2024-12-12T14:01:45","modified_gmt":"2024-12-12T13:01:45","slug":"start","status":"publish","type":"page","link":"https:\/\/peteraachen.de\/","title":{"rendered":"Start (d)"},"content":{"rendered":"<p>+++ neue Bilder im Bereich \u201cMia als Teil eines Varietes\u201d &amp; \u201cKrieg und Kriegsfolgen\u201d +++ vermutlich 2025 viele Bilder unter https:\/\/greven-archiv-digital.de verf\u00fcgbar<\/p>\r\n\r\n<pre>To start with the English version click the English flag below.<\/pre>\r\n\r\n<p>Am Anfang die Bitte, die seit Jahrzehnten zum gr\u00f6\u00dften Teil nicht entwickelten Negative des Schwiegervaters \u00fcberwiegend im Format 6 cm x 6 cm einzuscannen und auf diese Weise zug\u00e4nglich zu machen. Die Ehefrau hatte die wenigsten Fotos davon gesehen. Pl\u00e4ne des Schwiegervaters,\u00a0 \u201ewenn mal Zeit w\u00e4re\u201c die analogen Fotos selbst zu entwickeln, waren durch andere Dinge durchkreuzt worden.<\/p>\r\n\r\n\r\n\r\n<p><img loading=\"lazy\" decoding=\"async\" class=\"alignleft size-full wp-image-595\" src=\"https:\/\/peteraachen.de\/wp-content\/uploads\/2023\/01\/Negative_klein-300x300-1.jpg\" alt=\"\" width=\"300\" height=\"300\" srcset=\"https:\/\/peteraachen.de\/wp-content\/uploads\/2023\/01\/Negative_klein-300x300-1.jpg 300w, https:\/\/peteraachen.de\/wp-content\/uploads\/2023\/01\/Negative_klein-300x300-1-150x150.jpg 150w\" sizes=\"auto, (max-width: 300px) 100vw, 300px\" \/><\/p>\r\n\r\n\r\n\r\n<p>Die Fotos waren f\u00fcr mich eine gro\u00dfe Entdeckung. Dies betraf nicht nur die Fotos aus dem Familienleben im engeren Sinne, sondern gerade die Bilder, die die Arbeit im Beruf, die Ausfl\u00fcge in die n\u00e4here oder weitere Umgebung, das religi\u00f6se Leben oder das Alltagsleben in Vogelsang betrafen. Dieser Eindruck blieb auch bestehen, wenn \u2013 in technischer Hinsicht \u2013 einige wenige Fotos den Makel aufwiesen,\u00a0 dass durch den Lichtschachtsucher der Kamera (Yashica Mat-124G) einige Personen ohne F\u00fc\u00dfe abgebildet wurden. In den Fotos war f\u00fcr mich eine Aufbruchstimmung und eine Lebensfreude greifbar, die mich \u00fcberraschte.<\/p>\r\n\r\n\r\n\r\n<p>Gleichzeitig zeigten sie, dass Traditionen, z.B. kirchliche, ganz anders galten als heute. Mein Vorurteil jedoch von spie\u00dfigen \u201e50er Jahren\u201c war auch nicht mehr zu halten. Dazu war klar, dass die Bilder nicht nur das Leben einer bestimmten K\u00f6lner Familie repr\u00e4sentierten, sondern als exemplarisch f\u00fcr eine bestimmte soziale Gruppe gelten konnten.<\/p>\r\n\r\n\r\n\r\n<p><strong>Welche Bilder gezeigt werden:<\/strong> Die hier pr\u00e4sentierten Bilder zeigen fast ausschlie\u00dflich Bilder meines Schwiegervaters Peter Aachen. Diese Sammlung wurde um Bilder aus den famili\u00e4ren Fotosammlungen \/ Fotoalben angereichert, wo sie inhaltlich passten. Der Schwerpunkt der Bilder liegt auf den f\u00fcnfziger Jahren. Um die davor liegende Familiengeschichte zu dokumentieren, sind aber auch Fotos der zwanziger bis vierziger Jahre vertreten. Au\u00dferdem wurden Bilder der Brosch\u00fcre \u201eAls K\u00f6lle vill zovill K\u00f6lsche hat\u2026\u201c (2002) und dem Buch \u201eWohnreform in K\u00f6ln\u201c, hg. von Klaus Novy, 1986, entnommen.<\/p>\r\n\r\n\r\n\r\n<p>Die Fotos werden in der Regel ohne Bildunterschriften gezeigt. Es wird darauf vertraut, dass die Bilder f\u00fcr sich sprechen. \u00dcberschriften f\u00fcr die Seiten sollten die Einordnung erm\u00f6glichen. Da wo Jahreszahlen verf\u00fcgbar waren, werden diese genannt. Copyright-Vermerke f\u00fcr fremde Bilder enth\u00e4lt der <a href=\"https:\/\/peteraachen.de\/?page_id=104\">Abspann<\/a>.<\/p>\r\n<p>Ein gro\u00dfer Bildschirm ist hilfreich, um speziell die in Galerien dargebotenen Fotos angemessen zu betrachten.<\/p>\r\n\r\n\r\n\r\n<p><strong>Navigation:<\/strong> Die meisten Bilder werden in Form sogenannter Galerien pr\u00e4sentiert. Ein Klick auf das Lupensymbol vergr\u00f6\u00dfert die Darstellung eines ausgew\u00e4hlten Fotos, anschlie\u00dfend kann per Klick auf Rechts- oder Linkspfeil durch die Sammlung gebl\u00e4ttert werden. Bet\u00e4tigen der ESC-Taste beendet den Galerie-Modus. Die wichtigste Navigation nach Themen erfolgt ganz links \u00fcber die Seitenleiste.<\/p>\r\n\r\n\r\n\r\n<p>Bildrechte: Sollten Bildrechte verletzt werden (ich habe viel unternommen, um Inhaber von Bildrechten zu ermitteln und deren Bildrechte zu wahren), bitte ich um eine Mitteilung an <em>georgjuenger@gmx.de<\/em>.\u00a0 Ich werde sofort reagieren. Alle eigenen Bildrechte und die Rechte an dieser Zusammenstellung liegen bei meiner Frau und mir.<\/p>\r\n\r\n<div>\u00a0<\/div>","protected":false},"excerpt":{"rendered":"<p>+++ neue Bilder im Bereich \u201cMia als Teil eines Varietes\u201d &amp; \u201cKrieg und Kriegsfolgen\u201d +++ vermutlich 2025 viele Bilder unter https:\/\/greven-archiv-digital.de verf\u00fcgbar To start with the English version click the English flag below. Am Anfang die Bitte, die seit Jahrzehnten zum gr\u00f6\u00dften Teil nicht entwickelten Negative des Schwiegervaters \u00fcberwiegend im Format 6 cm x 6 &hellip; <a href=\"https:\/\/peteraachen.de\/\" class=\"more-link\"><span class=\"screen-reader-text\">Start (d)<\/span> weiterlesen<\/a><\/p>\n","protected":false},"author":6,"featured_media":0,"parent":0,"menu_order":1,"comment_status":"closed","ping_status":"closed","template":"","meta":{"footnotes":""},"class_list":["post-5","page","type-page","status-publish","hentry"],"_links":{"self":[{"href":"https:\/\/peteraachen.de\/index.php?rest_route=\/wp\/v2\/pages\/5","targetHints":{"allow":["GET"]}}],"collection":[{"href":"https:\/\/peteraachen.de\/index.php?rest_route=\/wp\/v2\/pages"}],"about":[{"href":"https:\/\/peteraachen.de\/index.php?rest_route=\/wp\/v2\/types\/page"}],"author":[{"embeddable":true,"href":"https:\/\/peteraachen.de\/index.php?rest_route=\/wp\/v2\/users\/6"}],"replies":[{"embeddable":true,"href":"https:\/\/peteraachen.de\/index.php?rest_route=%2Fwp%2Fv2%2Fcomments&post=5"}],"version-history":[{"count":19,"href":"https:\/\/peteraachen.de\/index.php?rest_route=\/wp\/v2\/pages\/5\/revisions"}],"predecessor-version":[{"id":1469,"href":"https:\/\/peteraachen.de\/index.php?rest_route=\/wp\/v2\/pages\/5\/revisions\/1469"}],"wp:attachment":[{"href":"https:\/\/peteraachen.de\/index.php?rest_route=%2Fwp%2Fv2%2Fmedia&parent=5"}],"curies":[{"name":"wp","href":"https:\/\/api.w.org\/{rel}","templated":true}]}}