{"id":1451,"date":"2024-03-14T19:10:47","date_gmt":"2024-03-14T18:10:47","guid":{"rendered":"https:\/\/peteraachen.de\/?page_id=1451"},"modified":"2024-03-14T19:21:58","modified_gmt":"2024-03-14T18:21:58","slug":"wohin-von-hier-aus","status":"publish","type":"page","link":"https:\/\/peteraachen.de\/?page_id=1451","title":{"rendered":"Wohin von hier aus?"},"content":{"rendered":"<p>Sollte Sie diese Darstellung interessiert haben, gibt es noch viel im Umfeld der Nachkriegsgeschichte zu entdecken. Hier einige Anregungen, sowohl B\u00fccher als auch Medien umfassend:<\/p>\n<p>\u2022 A school in Cologne (13:28 Minuten), Control Commission for Germany by the Central Office for Information (1948) &#8212; anr\u00fchrender Film \u00fcber die Not, unter denen Kinder und Jugendliche in den Nachkriegsjahren wieder zu schulischem Lernen zur\u00fcckfanden. Aus der Sicht der britischen Schulaufsicht.<\/p>\n<p>\u2022 1945 \u2013 Kriegsende in K\u00f6ln (DVD), emons-Verlag, 85 Minuten, hg. von Hermann Rheindorf<\/p>\n<p>\u2022 Hermann Glaser, 1945. Ein Lesebuch, Fischer, Frankfurt (1995)<\/p>\n<p>\u2022 So viel Anfang war nie. Deutsche St\u00e4dte 1945 &#8211; 1949, Siedler (1992): auch durch die vielen SW-Fotos bestechend.<\/p>\n<p>\u2022 Harald J\u00e4hner, Wolfszeit: Deutschland und die Deutschen 1945 &#8211; 1955, Rowohlt. Eine umfassende, optimistisch stimmende Darstellung der Nachkriegszeit, die sehr viele Bereiche ber\u00fccksichtigt und viele verbl\u00fcffende Einsichten bereit h\u00e4lt. Gut geschrieben<\/p>\n","protected":false},"excerpt":{"rendered":"<p>Sollte Sie diese Darstellung interessiert haben, gibt es noch viel im Umfeld der Nachkriegsgeschichte zu entdecken. Hier einige Anregungen, sowohl B\u00fccher als auch Medien umfassend: \u2022 A school in Cologne (13:28 Minuten), Control Commission for Germany by the Central Office for Information (1948) &#8212; anr\u00fchrender Film \u00fcber die Not, unter denen Kinder und Jugendliche in &hellip; <a href=\"https:\/\/peteraachen.de\/?page_id=1451\" class=\"more-link\"><span class=\"screen-reader-text\">Wohin von hier aus?<\/span> weiterlesen<\/a><\/p>\n","protected":false},"author":4,"featured_media":0,"parent":0,"menu_order":0,"comment_status":"closed","ping_status":"closed","template":"","meta":{"footnotes":""},"class_list":["post-1451","page","type-page","status-publish","hentry"],"_links":{"self":[{"href":"https:\/\/peteraachen.de\/index.php?rest_route=\/wp\/v2\/pages\/1451","targetHints":{"allow":["GET"]}}],"collection":[{"href":"https:\/\/peteraachen.de\/index.php?rest_route=\/wp\/v2\/pages"}],"about":[{"href":"https:\/\/peteraachen.de\/index.php?rest_route=\/wp\/v2\/types\/page"}],"author":[{"embeddable":true,"href":"https:\/\/peteraachen.de\/index.php?rest_route=\/wp\/v2\/users\/4"}],"replies":[{"embeddable":true,"href":"https:\/\/peteraachen.de\/index.php?rest_route=%2Fwp%2Fv2%2Fcomments&post=1451"}],"version-history":[{"count":4,"href":"https:\/\/peteraachen.de\/index.php?rest_route=\/wp\/v2\/pages\/1451\/revisions"}],"predecessor-version":[{"id":1459,"href":"https:\/\/peteraachen.de\/index.php?rest_route=\/wp\/v2\/pages\/1451\/revisions\/1459"}],"wp:attachment":[{"href":"https:\/\/peteraachen.de\/index.php?rest_route=%2Fwp%2Fv2%2Fmedia&parent=1451"}],"curies":[{"name":"wp","href":"https:\/\/api.w.org\/{rel}","templated":true}]}}