{"id":1093,"date":"2023-01-17T19:31:31","date_gmt":"2023-01-17T18:31:31","guid":{"rendered":"https:\/\/peteraachen.de\/?page_id=1093"},"modified":"2023-02-02T10:55:58","modified_gmt":"2023-02-02T09:55:58","slug":"gaestebuch","status":"publish","type":"page","link":"https:\/\/peteraachen.de\/?page_id=1093","title":{"rendered":"G\u00e4stebuch \/ Guestbook"},"content":{"rendered":"<p>D: Ich w\u00fcrde mich sehr freuen, auf dieser Seite Kommentare zu erhalten. Die Kommentare m\u00fcssen anschlie\u00dfend nur noch freigegeben werden. Danke<\/p>\n<p>E: Your comments are very welcome. As normal they have to be checked before being displayed. Thankyou<\/p>\n","protected":false},"excerpt":{"rendered":"<p>D: Ich w\u00fcrde mich sehr freuen, auf dieser Seite Kommentare zu erhalten. Die Kommentare m\u00fcssen anschlie\u00dfend nur noch freigegeben werden. Danke E: Your comments are very welcome. As normal they have to be checked before being displayed. Thankyou<\/p>\n","protected":false},"author":6,"featured_media":0,"parent":5,"menu_order":11,"comment_status":"open","ping_status":"closed","template":"","meta":{"footnotes":""},"class_list":["post-1093","page","type-page","status-publish","hentry"],"_links":{"self":[{"href":"https:\/\/peteraachen.de\/index.php?rest_route=\/wp\/v2\/pages\/1093","targetHints":{"allow":["GET"]}}],"collection":[{"href":"https:\/\/peteraachen.de\/index.php?rest_route=\/wp\/v2\/pages"}],"about":[{"href":"https:\/\/peteraachen.de\/index.php?rest_route=\/wp\/v2\/types\/page"}],"author":[{"embeddable":true,"href":"https:\/\/peteraachen.de\/index.php?rest_route=\/wp\/v2\/users\/6"}],"replies":[{"embeddable":true,"href":"https:\/\/peteraachen.de\/index.php?rest_route=%2Fwp%2Fv2%2Fcomments&post=1093"}],"version-history":[{"count":6,"href":"https:\/\/peteraachen.de\/index.php?rest_route=\/wp\/v2\/pages\/1093\/revisions"}],"predecessor-version":[{"id":1233,"href":"https:\/\/peteraachen.de\/index.php?rest_route=\/wp\/v2\/pages\/1093\/revisions\/1233"}],"up":[{"embeddable":true,"href":"https:\/\/peteraachen.de\/index.php?rest_route=\/wp\/v2\/pages\/5"}],"wp:attachment":[{"href":"https:\/\/peteraachen.de\/index.php?rest_route=%2Fwp%2Fv2%2Fmedia&parent=1093"}],"curies":[{"name":"wp","href":"https:\/\/api.w.org\/{rel}","templated":true}]}}