{"id":104,"date":"2022-12-15T09:40:17","date_gmt":"2022-12-15T08:40:17","guid":{"rendered":"https:\/\/peteraachen.de\/wordpress\/?page_id=104"},"modified":"2023-03-10T09:57:43","modified_gmt":"2023-03-10T08:57:43","slug":"abspann-2","status":"publish","type":"page","link":"https:\/\/peteraachen.de\/?page_id=104","title":{"rendered":"Abspann"},"content":{"rendered":"<p>Dieses Projekt w\u00e4re nicht zustande gekommen ohne die Hilfe und Ermutigung von Birgit Aachen-J\u00fcnger, Lubens Horsch, Klara Buschenheuer, Franziska Aachen, Peter Aachen, Ursula J\u00fcnger sowie weiteren, bereits verstorbenen, im einzelnen nicht aufgef\u00fchrten Familienmitglieder der Familien Aachen und Horsch. Herzlichen Dank an Martin Wachsmuth, der wichtige Informationen zur Entstehung von Vogelsang mit mir geteilt hat. Dank auch an Frau Astrid S\u00fcrth vom NS Dok f\u00fcr Unterst\u00fctzung bei der Suche nach Quellen zu Heinrich Horsch. Ebenso Dank an Christoph K\u00fcppers und Dr. Warda, ein Foto aus dem Walter-Dick-Archiv verwenden zu d\u00fcrfen (5. Bild in \u201eKrieg und Kriegsfolgen\u201c von St. Peter \/ St. C\u00e4cilien).<\/p>\n<p>Das Projekt ist dem Andenken an Heinrich Horsch (*1909 +1933) und meinem Enkelkind Sophie Helena (*26.8.2022) gewidmet.<\/p>\n<p>M\u00f6gen bald in einer befreiten und in ihrem Bestand garantierten Ukraine \u00e4hnliche Bilder von wieder gefundener Lebensfreude entstehen.<\/p>\n<pre>Copyright-Vermerke:\r\nBild Umzug Vogelsang -- aus: Novy (Hg.), Wohnreform in K\u00f6ln, Bachem-Verlag 1986, \u00a9 N. Hallerbach, K\u00f6ln\r\nKappesrollen 1 -- Brosch\u00fcre \"Als K\u00f6lle vill zovill K\u00f6lsche hat\u2026. 70 Jahre Siedlergemeinschaft K\u00f6ln-Vogelsang 1932 e.V.\"\r\nKappesrollen 2 -- Brosch\u00fcre \"Als K\u00f6lle vill zovill K\u00f6lsche hat\u2026. 70 Jahre Siedlergemeinschaft K\u00f6ln-Vogelsang 1932 e.V.\"<\/pre>\n<div><\/div>\n<div><\/div>\n<div><\/div>\n","protected":false},"excerpt":{"rendered":"<p>Dieses Projekt w\u00e4re nicht zustande gekommen ohne die Hilfe und Ermutigung von Birgit Aachen-J\u00fcnger, Lubens Horsch, Klara Buschenheuer, Franziska Aachen, Peter Aachen, Ursula J\u00fcnger sowie weiteren, bereits verstorbenen, im einzelnen nicht aufgef\u00fchrten Familienmitglieder der Familien Aachen und Horsch. Herzlichen Dank an Martin Wachsmuth, der wichtige Informationen zur Entstehung von Vogelsang mit mir geteilt hat. Dank &hellip; <a href=\"https:\/\/peteraachen.de\/?page_id=104\" class=\"more-link\"><span class=\"screen-reader-text\">Abspann<\/span> weiterlesen<\/a><\/p>\n","protected":false},"author":6,"featured_media":0,"parent":0,"menu_order":0,"comment_status":"closed","ping_status":"closed","template":"","meta":{"footnotes":""},"class_list":["post-104","page","type-page","status-publish","hentry"],"_links":{"self":[{"href":"https:\/\/peteraachen.de\/index.php?rest_route=\/wp\/v2\/pages\/104","targetHints":{"allow":["GET"]}}],"collection":[{"href":"https:\/\/peteraachen.de\/index.php?rest_route=\/wp\/v2\/pages"}],"about":[{"href":"https:\/\/peteraachen.de\/index.php?rest_route=\/wp\/v2\/types\/page"}],"author":[{"embeddable":true,"href":"https:\/\/peteraachen.de\/index.php?rest_route=\/wp\/v2\/users\/6"}],"replies":[{"embeddable":true,"href":"https:\/\/peteraachen.de\/index.php?rest_route=%2Fwp%2Fv2%2Fcomments&post=104"}],"version-history":[{"count":13,"href":"https:\/\/peteraachen.de\/index.php?rest_route=\/wp\/v2\/pages\/104\/revisions"}],"predecessor-version":[{"id":1350,"href":"https:\/\/peteraachen.de\/index.php?rest_route=\/wp\/v2\/pages\/104\/revisions\/1350"}],"wp:attachment":[{"href":"https:\/\/peteraachen.de\/index.php?rest_route=%2Fwp%2Fv2%2Fmedia&parent=104"}],"curies":[{"name":"wp","href":"https:\/\/api.w.org\/{rel}","templated":true}]}}