{"id":102,"date":"2022-12-15T09:39:27","date_gmt":"2022-12-15T08:39:27","guid":{"rendered":"https:\/\/peteraachen.de\/wordpress\/?page_id=102"},"modified":"2023-01-18T10:46:05","modified_gmt":"2023-01-18T09:46:05","slug":"impressum","status":"publish","type":"page","link":"https:\/\/peteraachen.de\/?page_id=102","title":{"rendered":"Impressum"},"content":{"rendered":"<p>Angaben gem\u00e4\u00df \u00a7 5 TMG<\/p>\n<p>Georg J\u00fcnger<br \/>\nLeyendeckerstr. 69<br \/>\n50825 K\u00f6ln<\/p>\n<p>Kontakt:<br \/>\nE-Mail: blog_juenger(at)gmx.de<\/p>\n<p class=\"has-small-font-size\">Inhaltlich verantwortlich:<br \/>\nGeorg J\u00fcnger (Anschrift wie oben)<\/p>\n<p class=\"has-small-font-size\">\u00a9 f\u00fcr Bilder bei Birgit Aachen-J\u00fcnger (soweit nicht anders angegeben) und Texte\u00a0 bei Georg J\u00fcnger.<\/p>\n","protected":false},"excerpt":{"rendered":"<p>Angaben gem\u00e4\u00df \u00a7 5 TMG Georg J\u00fcnger Leyendeckerstr. 69 50825 K\u00f6ln Kontakt: E-Mail: blog_juenger(at)gmx.de Inhaltlich verantwortlich: Georg J\u00fcnger (Anschrift wie oben) \u00a9 f\u00fcr Bilder bei Birgit Aachen-J\u00fcnger (soweit nicht anders angegeben) und Texte\u00a0 bei Georg J\u00fcnger.<\/p>\n","protected":false},"author":6,"featured_media":0,"parent":0,"menu_order":0,"comment_status":"closed","ping_status":"closed","template":"","meta":{"footnotes":""},"class_list":["post-102","page","type-page","status-publish","hentry"],"_links":{"self":[{"href":"https:\/\/peteraachen.de\/index.php?rest_route=\/wp\/v2\/pages\/102","targetHints":{"allow":["GET"]}}],"collection":[{"href":"https:\/\/peteraachen.de\/index.php?rest_route=\/wp\/v2\/pages"}],"about":[{"href":"https:\/\/peteraachen.de\/index.php?rest_route=\/wp\/v2\/types\/page"}],"author":[{"embeddable":true,"href":"https:\/\/peteraachen.de\/index.php?rest_route=\/wp\/v2\/users\/6"}],"replies":[{"embeddable":true,"href":"https:\/\/peteraachen.de\/index.php?rest_route=%2Fwp%2Fv2%2Fcomments&post=102"}],"version-history":[{"count":5,"href":"https:\/\/peteraachen.de\/index.php?rest_route=\/wp\/v2\/pages\/102\/revisions"}],"predecessor-version":[{"id":1112,"href":"https:\/\/peteraachen.de\/index.php?rest_route=\/wp\/v2\/pages\/102\/revisions\/1112"}],"wp:attachment":[{"href":"https:\/\/peteraachen.de\/index.php?rest_route=%2Fwp%2Fv2%2Fmedia&parent=102"}],"curies":[{"name":"wp","href":"https:\/\/api.w.org\/{rel}","templated":true}]}}